{"id":1272,"date":"2025-06-02T19:16:12","date_gmt":"2025-06-02T19:16:12","guid":{"rendered":"https:\/\/darmstadt-michael.org\/?page_id=1272"},"modified":"2025-06-02T19:41:10","modified_gmt":"2025-06-02T19:41:10","slug":"spenden","status":"publish","type":"page","link":"https:\/\/darmstadt-michael.org\/am\/spenden\/","title":{"rendered":"\u12a0\u1235\u1270\u12cb\u133d\u12d6 \u12eb\u12f5\u122d\u1309"},"content":{"rendered":"<div data-elementor-type=\"wp-page\" data-elementor-id=\"1272\" class=\"elementor elementor-1272\">\n\t\t\t\t<div class=\"elementor-element elementor-element-55b7a04 e-flex e-con-boxed e-con e-parent\" data-id=\"55b7a04\" data-element_type=\"container\" data-e-type=\"container\" data-settings=\"{&quot;background_background&quot;:&quot;classic&quot;}\">\n\t\t\t\t\t<div class=\"e-con-inner\">\n\t\t\t\t<div class=\"elementor-element elementor-element-dddb815 elementor-widget elementor-widget-heading\" data-id=\"dddb815\" data-element_type=\"widget\" data-e-type=\"widget\" data-widget_type=\"heading.default\">\n\t\t\t\t<div class=\"elementor-widget-container\">\n\t\t\t\t\t<h2 class=\"elementor-heading-title elementor-size-default\">\u12a5\u130d\u12da\u12a0\u1265\u1214\u122d \u1260\u12f0\u1235\u1273 \u12e8\u121a\u1230\u1320\u12cd\u1295 \u12ed\u12c8\u12f3\u120d \u12a5\u1293 \u12a5\u12eb\u1295\u12f3\u1295\u12f1 \u1260\u120d\u1261 \u12a5\u1295\u12f3\u1230\u1260 \u12ed\u1235\u1325\u1363 \u1260\u1285\u12d8\u1295 \u12c8\u12ed\u121d \u1260\u130d\u12f5 \u12a0\u12ed\u12f0\u1208\u121d\u1362<br>\n\u136a \u1246\u122e \u1371:\u136f<\/h2>\t\t\t\t<\/div>\n\t\t\t\t<\/div>\n\t\t\t\t\t<\/div>\n\t\t\t\t<\/div>\n\t\t<div class=\"elementor-element elementor-element-d82b976 e-flex e-con-boxed e-con e-parent\" data-id=\"d82b976\" data-element_type=\"container\" data-e-type=\"container\">\n\t\t\t\t\t<div class=\"e-con-inner\">\n\t\t\t\t<div class=\"elementor-element elementor-element-32dfca5 elementor-widget elementor-widget-heading\" data-id=\"32dfca5\" data-element_type=\"widget\" data-e-type=\"widget\" data-widget_type=\"heading.default\">\n\t\t\t\t<div class=\"elementor-widget-container\">\n\t\t\t\t\t<h2 class=\"elementor-heading-title elementor-size-default\">\u12a5\u1263\u12ad\u12ce\u1295 \u12e8\u1260\u12a9\u120d\u12ce\u1295 \u12a0\u1235\u1270\u12cb\u133d\u12d6 \u12eb\u12f5\u122d\u1309!<\/h2>\t\t\t\t<\/div>\n\t\t\t\t<\/div>\n\t\t\t\t<div class=\"elementor-element elementor-element-a7dec03 elementor-widget elementor-widget-text-editor\" data-id=\"a7dec03\" data-element_type=\"widget\" data-e-type=\"widget\" data-widget_type=\"text-editor.default\">\n\t\t\t\t<div class=\"elementor-widget-container\">\n\t\t\t\t\t\t\t\t\t<div class=\"wp-block-uagb-blockquote uagb-block-2505ae31 uagb-blockquote__skin-border uagb-blockquote__stack-img-none\"><blockquote class=\"uagb-blockquote\"><div class=\"uagb-blockquote__content\"><strong>\u12e8\u1263\u1295\u12ad \u1241\u1325\u122d<\/strong><br \/><br \/>Zahlungsempf\u00e4nger \u1361 St. Michael \u00c4thiopische Orthodox Tewahedo Kirche<br \/>Verwendungszweck \u1361 Spende f\u00fcr Kircheneinrichtung<br \/>BANK\u1361 Volksbank Darmstadt Mainz eG<br \/>Konto Nr. : 252651013<br \/>IBAN \u1361 DE19 5519 0000 0252 6510 13<br \/>BIC \u1361 MVBMDE55<\/div><footer><div class=\"uagb-blockquote__author-wrap uagb-blockquote__author-at-left\">\u00a0<\/div><\/footer><\/blockquote><\/div><p>\u00a0<\/p><p class=\"has-medium-font-size\">\u1260\u1263\u1295\u12ad\u12ce \u12a5\u122b\u1235\u12ce\u00a0<strong>\u124b\u121a<\/strong>\u00a0\u12a5\u1308\u12db \u121b\u12f5\u1228\u130d \u12ed\u127d\u120b\u1209\u1362<\/p><p class=\"has-medium-font-size\"><br \/>\u12a8\u1273\u12ad\u1235 \u12e8\u121a\u1240\u1290\u1235 \u12e8\u120d\u1308\u1233 \u12f0\u1228\u1230\u129d \u12a8\u1348\u1208\u1309 \u12ed\u1320\u12ed\u1241\u1295! \u1260\u12a2\u121c\u120d \u12a5\u1295\u120d\u12ad\u1208\u12ce\u1273\u120d\u1295\u1362 \u1232\u1320\u12ed\u1241 \u12a5\u1263\u12ad\u12ce \u1235\u121d\u12ce\u1295\u1363 \u12a0\u12f5\u122b\u123b\u12ce\u1295 \u12a5\u1293 \u1235\u120d\u12ad \u1241\u1325\u122d\u12ce\u1295 \u12eb\u1235\u1308\u1261 (\u1208\u121b\u1295\u129b\u12cd\u121d \u1270\u1328\u121b\u122a \u1325\u12eb\u1244\u12ce\u127d)\u1362<\/p><p class=\"has-medium-font-size\"><strong>\u1235\u1208 \u12f5\u130b\u134d\u12ce \u1260\u1323\u121d \u12a5\u1293\u1218\u1230\u130d\u1293\u1208\u1295!<\/strong><\/p>\t\t\t\t\t\t\t\t<\/div>\n\t\t\t\t<\/div>\n\t\t\t\t\t<\/div>\n\t\t\t\t<\/div>\n\t\t<div class=\"elementor-element elementor-element-7160006 e-flex e-con-boxed e-con e-parent\" data-id=\"7160006\" data-element_type=\"container\" data-e-type=\"container\">\n\t\t\t\t\t<div class=\"e-con-inner\">\n\t\t\t\t<div class=\"elementor-element elementor-element-741bc50 elementor-widget elementor-widget-spacer\" data-id=\"741bc50\" data-element_type=\"widget\" data-e-type=\"widget\" data-widget_type=\"spacer.default\">\n\t\t\t\t<div class=\"elementor-widget-container\">\n\t\t\t\t\t\t\t<div class=\"elementor-spacer\">\n\t\t\t<div class=\"elementor-spacer-inner\"><\/div>\n\t\t<\/div>\n\t\t\t\t\t\t<\/div>\n\t\t\t\t<\/div>\n\t\t\t\t\t<\/div>\n\t\t\t\t<\/div>\n\t\t\t\t<\/div>","protected":false},"excerpt":{"rendered":"<p>Ein jeglicher nach dem Willen seines Herzens, nicht mit Unwillen oder aus Zwang; denn einen fr\u00f6hlichen Geber hat Gott lieb. 2.Korinther 9:7 Bitte unterst\u00fctzen Sie uns mit Ihren Spenden! Spendenkonto Zahlungsempf\u00e4nger \u1361 St. Michael \u00c4thiopische Orthodox Tewahedo KircheVerwendungszweck \u1361 Spende f\u00fcr KircheneinrichtungBANK\u1361 Volksbank Darmstadt Mainz eGKonto Nr. : 252651013IBAN \u1361 DE19 5519 0000 0252 6510 [&hellip;]<\/p>\n","protected":false},"author":1,"featured_media":7,"parent":0,"menu_order":0,"comment_status":"closed","ping_status":"closed","template":"","meta":{"footnotes":""},"class_list":["post-1272","page","type-page","status-publish","has-post-thumbnail","hentry"],"blocksy_meta":{"styles_descriptor":{"styles":{"desktop":"","tablet":"","mobile":""},"google_fonts":[],"version":6}},"yoast_head":"<!-- This site is optimized with the Yoast SEO plugin v27.3 - https:\/\/yoast.com\/product\/yoast-seo-wordpress\/ -->\n<title>Spenden - Darmstadt Michael<\/title>\n<meta name=\"robots\" content=\"index, follow, max-snippet:-1, max-image-preview:large, max-video-preview:-1\" \/>\n<link rel=\"canonical\" href=\"https:\/\/darmstadt-michael.org\/am\/spenden\/\" \/>\n<meta property=\"og:locale\" content=\"en_US\" \/>\n<meta property=\"og:type\" content=\"article\" \/>\n<meta property=\"og:title\" content=\"Spenden - Darmstadt Michael\" \/>\n<meta property=\"og:description\" content=\"Ein jeglicher nach dem Willen seines Herzens, nicht mit Unwillen oder aus Zwang; denn einen fr\u00f6hlichen Geber hat Gott lieb. 2.Korinther 9:7 Bitte unterst\u00fctzen Sie uns mit Ihren Spenden! Spendenkonto Zahlungsempf\u00e4nger \u1361 St. Michael \u00c4thiopische Orthodox Tewahedo KircheVerwendungszweck \u1361 Spende f\u00fcr KircheneinrichtungBANK\u1361 Volksbank Darmstadt Mainz eGKonto Nr. : 252651013IBAN \u1361 DE19 5519 0000 0252 6510 [&hellip;]\" \/>\n<meta property=\"og:url\" content=\"https:\/\/darmstadt-michael.org\/am\/spenden\/\" \/>\n<meta property=\"og:site_name\" content=\"Darmstadt Michael\" \/>\n<meta property=\"article:modified_time\" content=\"2025-06-02T19:41:10+00:00\" \/>\n<meta property=\"og:image\" content=\"https:\/\/darmstadt-michael.org\/wp-content\/uploads\/2025\/05\/Screenshot-2025-05-11-at-19.24.03.png\" \/>\n\t<meta property=\"og:image:width\" content=\"816\" \/>\n\t<meta property=\"og:image:height\" content=\"556\" \/>\n\t<meta property=\"og:image:type\" content=\"image\/png\" \/>\n<meta name=\"twitter:card\" content=\"summary_large_image\" \/>\n<meta name=\"twitter:label1\" content=\"Est. reading time\" \/>\n\t<meta name=\"twitter:data1\" content=\"1 \u12f0\u1242\u1243\" \/>\n<script type=\"application\/ld+json\" class=\"yoast-schema-graph\">{\"@context\":\"https:\\\/\\\/schema.org\",\"@graph\":[{\"@type\":\"WebPage\",\"@id\":\"https:\\\/\\\/darmstadt-michael.org\\\/spenden\\\/\",\"url\":\"https:\\\/\\\/darmstadt-michael.org\\\/spenden\\\/\",\"name\":\"Spenden - Darmstadt Michael\",\"isPartOf\":{\"@id\":\"https:\\\/\\\/darmstadt-michael.org\\\/am\\\/#website\"},\"primaryImageOfPage\":{\"@id\":\"https:\\\/\\\/darmstadt-michael.org\\\/spenden\\\/#primaryimage\"},\"image\":{\"@id\":\"https:\\\/\\\/darmstadt-michael.org\\\/spenden\\\/#primaryimage\"},\"thumbnailUrl\":\"https:\\\/\\\/darmstadt-michael.org\\\/wp-content\\\/uploads\\\/2025\\\/05\\\/Screenshot-2025-05-11-at-19.24.03.png\",\"datePublished\":\"2025-06-02T19:16:12+00:00\",\"dateModified\":\"2025-06-02T19:41:10+00:00\",\"breadcrumb\":{\"@id\":\"https:\\\/\\\/darmstadt-michael.org\\\/spenden\\\/#breadcrumb\"},\"inLanguage\":\"am\",\"potentialAction\":[{\"@type\":\"ReadAction\",\"target\":[\"https:\\\/\\\/darmstadt-michael.org\\\/spenden\\\/\"]}]},{\"@type\":\"ImageObject\",\"inLanguage\":\"am\",\"@id\":\"https:\\\/\\\/darmstadt-michael.org\\\/spenden\\\/#primaryimage\",\"url\":\"https:\\\/\\\/darmstadt-michael.org\\\/wp-content\\\/uploads\\\/2025\\\/05\\\/Screenshot-2025-05-11-at-19.24.03.png\",\"contentUrl\":\"https:\\\/\\\/darmstadt-michael.org\\\/wp-content\\\/uploads\\\/2025\\\/05\\\/Screenshot-2025-05-11-at-19.24.03.png\",\"width\":816,\"height\":556},{\"@type\":\"BreadcrumbList\",\"@id\":\"https:\\\/\\\/darmstadt-michael.org\\\/spenden\\\/#breadcrumb\",\"itemListElement\":[{\"@type\":\"ListItem\",\"position\":1,\"name\":\"Home\",\"item\":\"https:\\\/\\\/darmstadt-michael.org\\\/\"},{\"@type\":\"ListItem\",\"position\":2,\"name\":\"Spenden\"}]},{\"@type\":\"WebSite\",\"@id\":\"https:\\\/\\\/darmstadt-michael.org\\\/am\\\/#website\",\"url\":\"https:\\\/\\\/darmstadt-michael.org\\\/am\\\/\",\"name\":\"Darmstadt Michael\",\"description\":\"\u00c4thiopisch-Orthodoxe Kirche Darmstadt St. Michael\",\"publisher\":{\"@id\":\"https:\\\/\\\/darmstadt-michael.org\\\/am\\\/#organization\"},\"potentialAction\":[{\"@type\":\"SearchAction\",\"target\":{\"@type\":\"EntryPoint\",\"urlTemplate\":\"https:\\\/\\\/darmstadt-michael.org\\\/am\\\/?s={search_term_string}\"},\"query-input\":{\"@type\":\"PropertyValueSpecification\",\"valueRequired\":true,\"valueName\":\"search_term_string\"}}],\"inLanguage\":\"am\"},{\"@type\":\"Organization\",\"@id\":\"https:\\\/\\\/darmstadt-michael.org\\\/am\\\/#organization\",\"name\":\"Darmstadt Michael\",\"url\":\"https:\\\/\\\/darmstadt-michael.org\\\/am\\\/\",\"logo\":{\"@type\":\"ImageObject\",\"inLanguage\":\"am\",\"@id\":\"https:\\\/\\\/darmstadt-michael.org\\\/am\\\/#\\\/schema\\\/logo\\\/image\\\/\",\"url\":\"https:\\\/\\\/darmstadt-michael.org\\\/wp-content\\\/uploads\\\/2025\\\/05\\\/EOTC-Logo.png\",\"contentUrl\":\"https:\\\/\\\/darmstadt-michael.org\\\/wp-content\\\/uploads\\\/2025\\\/05\\\/EOTC-Logo.png\",\"width\":211,\"height\":239,\"caption\":\"Darmstadt Michael\"},\"image\":{\"@id\":\"https:\\\/\\\/darmstadt-michael.org\\\/am\\\/#\\\/schema\\\/logo\\\/image\\\/\"}}]}<\/script>\n<!-- \/ Yoast SEO plugin. -->","yoast_head_json":{"title":"Spenden - Darmstadt Michael","robots":{"index":"index","follow":"follow","max-snippet":"max-snippet:-1","max-image-preview":"max-image-preview:large","max-video-preview":"max-video-preview:-1"},"canonical":"https:\/\/darmstadt-michael.org\/am\/spenden\/","og_locale":"en_US","og_type":"article","og_title":"Spenden - Darmstadt Michael","og_description":"Ein jeglicher nach dem Willen seines Herzens, nicht mit Unwillen oder aus Zwang; denn einen fr\u00f6hlichen Geber hat Gott lieb. 2.Korinther 9:7 Bitte unterst\u00fctzen Sie uns mit Ihren Spenden! Spendenkonto Zahlungsempf\u00e4nger \u1361 St. Michael \u00c4thiopische Orthodox Tewahedo KircheVerwendungszweck \u1361 Spende f\u00fcr KircheneinrichtungBANK\u1361 Volksbank Darmstadt Mainz eGKonto Nr. : 252651013IBAN \u1361 DE19 5519 0000 0252 6510 [&hellip;]","og_url":"https:\/\/darmstadt-michael.org\/am\/spenden\/","og_site_name":"Darmstadt Michael","article_modified_time":"2025-06-02T19:41:10+00:00","og_image":[{"width":816,"height":556,"url":"https:\/\/darmstadt-michael.org\/wp-content\/uploads\/2025\/05\/Screenshot-2025-05-11-at-19.24.03.png","type":"image\/png"}],"twitter_card":"summary_large_image","twitter_misc":{"Est. reading time":"1 \u12f0\u1242\u1243"},"schema":{"@context":"https:\/\/schema.org","@graph":[{"@type":"WebPage","@id":"https:\/\/darmstadt-michael.org\/spenden\/","url":"https:\/\/darmstadt-michael.org\/spenden\/","name":"Spenden - Darmstadt Michael","isPartOf":{"@id":"https:\/\/darmstadt-michael.org\/am\/#website"},"primaryImageOfPage":{"@id":"https:\/\/darmstadt-michael.org\/spenden\/#primaryimage"},"image":{"@id":"https:\/\/darmstadt-michael.org\/spenden\/#primaryimage"},"thumbnailUrl":"https:\/\/darmstadt-michael.org\/wp-content\/uploads\/2025\/05\/Screenshot-2025-05-11-at-19.24.03.png","datePublished":"2025-06-02T19:16:12+00:00","dateModified":"2025-06-02T19:41:10+00:00","breadcrumb":{"@id":"https:\/\/darmstadt-michael.org\/spenden\/#breadcrumb"},"inLanguage":"am","potentialAction":[{"@type":"ReadAction","target":["https:\/\/darmstadt-michael.org\/spenden\/"]}]},{"@type":"ImageObject","inLanguage":"am","@id":"https:\/\/darmstadt-michael.org\/spenden\/#primaryimage","url":"https:\/\/darmstadt-michael.org\/wp-content\/uploads\/2025\/05\/Screenshot-2025-05-11-at-19.24.03.png","contentUrl":"https:\/\/darmstadt-michael.org\/wp-content\/uploads\/2025\/05\/Screenshot-2025-05-11-at-19.24.03.png","width":816,"height":556},{"@type":"BreadcrumbList","@id":"https:\/\/darmstadt-michael.org\/spenden\/#breadcrumb","itemListElement":[{"@type":"ListItem","position":1,"name":"Home","item":"https:\/\/darmstadt-michael.org\/"},{"@type":"ListItem","position":2,"name":"Spenden"}]},{"@type":"WebSite","@id":"https:\/\/darmstadt-michael.org\/am\/#website","url":"https:\/\/darmstadt-michael.org\/am\/","name":"Darmstadt Michael","description":"\u12e8\u12a2\u1275\u12ee\u1335\u12eb \u12a6\u122d\u1276\u12f6\u12ad\u1235 \u1270\u12cb\u1215\u12f6 \u1260\u1300\u122d\u1218\u1295 \u12e8\u12f3\u122d\u121d\u123d\u1273\u1275 \u12f0\u1265\u1228 \u121d\u1205\u1228\u1275 \u1245\u12f1\u1235 \u121a\u12ab\u12a4\u120d \u1264\u1270\u12ad\u122d\u1235\u1272\u12eb\u1295","publisher":{"@id":"https:\/\/darmstadt-michael.org\/am\/#organization"},"potentialAction":[{"@type":"SearchAction","target":{"@type":"EntryPoint","urlTemplate":"https:\/\/darmstadt-michael.org\/am\/?s={search_term_string}"},"query-input":{"@type":"PropertyValueSpecification","valueRequired":true,"valueName":"search_term_string"}}],"inLanguage":"am"},{"@type":"Organization","@id":"https:\/\/darmstadt-michael.org\/am\/#organization","name":"Darmstadt Michael","url":"https:\/\/darmstadt-michael.org\/am\/","logo":{"@type":"ImageObject","inLanguage":"am","@id":"https:\/\/darmstadt-michael.org\/am\/#\/schema\/logo\/image\/","url":"https:\/\/darmstadt-michael.org\/wp-content\/uploads\/2025\/05\/EOTC-Logo.png","contentUrl":"https:\/\/darmstadt-michael.org\/wp-content\/uploads\/2025\/05\/EOTC-Logo.png","width":211,"height":239,"caption":"Darmstadt Michael"},"image":{"@id":"https:\/\/darmstadt-michael.org\/am\/#\/schema\/logo\/image\/"}}]}},"_links":{"self":[{"href":"https:\/\/darmstadt-michael.org\/am\/wp-json\/wp\/v2\/pages\/1272","targetHints":{"allow":["GET"]}}],"collection":[{"href":"https:\/\/darmstadt-michael.org\/am\/wp-json\/wp\/v2\/pages"}],"about":[{"href":"https:\/\/darmstadt-michael.org\/am\/wp-json\/wp\/v2\/types\/page"}],"author":[{"embeddable":true,"href":"https:\/\/darmstadt-michael.org\/am\/wp-json\/wp\/v2\/users\/1"}],"replies":[{"embeddable":true,"href":"https:\/\/darmstadt-michael.org\/am\/wp-json\/wp\/v2\/comments?post=1272"}],"version-history":[{"count":12,"href":"https:\/\/darmstadt-michael.org\/am\/wp-json\/wp\/v2\/pages\/1272\/revisions"}],"predecessor-version":[{"id":1289,"href":"https:\/\/darmstadt-michael.org\/am\/wp-json\/wp\/v2\/pages\/1272\/revisions\/1289"}],"wp:featuredmedia":[{"embeddable":true,"href":"https:\/\/darmstadt-michael.org\/am\/wp-json\/wp\/v2\/media\/7"}],"wp:attachment":[{"href":"https:\/\/darmstadt-michael.org\/am\/wp-json\/wp\/v2\/media?parent=1272"}],"curies":[{"name":"wp","href":"https:\/\/api.w.org\/{rel}","templated":true}]}}