{"id":1352,"date":"2025-06-12T15:51:47","date_gmt":"2025-06-12T15:51:47","guid":{"rendered":"https:\/\/darmstadt-michael.org\/?page_id=1352"},"modified":"2025-08-10T21:52:18","modified_gmt":"2025-08-10T19:52:18","slug":"mitgliedschaft","status":"publish","type":"page","link":"https:\/\/darmstadt-michael.org\/am\/mitgliedschaft\/","title":{"rendered":"\u12e8\u12a0\u1263\u120d\u1290\u1275 \u1218\u1218\u12dd\u1308\u1262\u12eb"},"content":{"rendered":"<div data-elementor-type=\"wp-page\" data-elementor-id=\"1352\" class=\"elementor elementor-1352\">\n\t\t\t\t<div class=\"elementor-element elementor-element-55b7a04 e-flex e-con-boxed e-con e-parent\" data-id=\"55b7a04\" data-element_type=\"container\" data-e-type=\"container\" data-settings=\"{&quot;background_background&quot;:&quot;classic&quot;}\">\n\t\t\t\t\t<div class=\"e-con-inner\">\n\t\t\t\t<div class=\"elementor-element elementor-element-dddb815 elementor-widget elementor-widget-heading\" data-id=\"dddb815\" data-element_type=\"widget\" data-e-type=\"widget\" data-widget_type=\"heading.default\">\n\t\t\t\t<div class=\"elementor-widget-container\">\n\t\t\t\t\t<h2 class=\"elementor-heading-title elementor-size-default\">\u1201\u1208\u1275 \u12cd\u12ed\u121d \u1226\u1235\u1275 \u1260\u1235\u121c \u1260\u121a\u1230\u1260\u1230\u1261\u1260\u1275 \u1260\u12da\u12eb \u1260\u1218\u12ab\u12a8\u120b\u1278\u12cd \u12a5\u1206\u1293\u1208\u12cd\u1362<br>\n\u121b\u1274 \u1372\u1370:\u1373<\/h2>\t\t\t\t<\/div>\n\t\t\t\t<\/div>\n\t\t\t\t\t<\/div>\n\t\t\t\t<\/div>\n\t\t<div class=\"elementor-element elementor-element-d82b976 e-flex e-con-boxed e-con e-parent\" data-id=\"d82b976\" data-element_type=\"container\" data-e-type=\"container\">\n\t\t\t\t\t<div class=\"e-con-inner\">\n\t\t\t\t<div class=\"elementor-element elementor-element-32dfca5 elementor-widget elementor-widget-heading\" data-id=\"32dfca5\" data-element_type=\"widget\" data-e-type=\"widget\" data-widget_type=\"heading.default\">\n\t\t\t\t<div class=\"elementor-widget-container\">\n\t\t\t\t\t<h2 class=\"elementor-heading-title elementor-size-default\">\u12e8\u12a0\u1263\u120d\u1290\u1275 \u1218\u1218\u12dd\u1308\u1262\u12eb \u1245\u133d<\/h2>\t\t\t\t<\/div>\n\t\t\t\t<\/div>\n\t\t\t\t<div class=\"elementor-element elementor-element-63872e9 elementor-widget elementor-widget-text-editor\" data-id=\"63872e9\" data-element_type=\"widget\" data-e-type=\"widget\" data-widget_type=\"text-editor.default\">\n\t\t\t\t<div class=\"elementor-widget-container\">\n\t\t\t\t\t\t\t\t\t<p>\u12e8\u1264\u1270\u122d\u1235\u1272\u12eb\u1293\u127d\u1295 \u12a0\u1263\u120d \u1208\u1218\u1206\u1295 \u12ed\u1205\u1295\u00a0\u00a0<a href=\"https:\/\/darmstadt-michael.org\/wp-content\/uploads\/2025\/08\/Mitgleidsformular.pdf\"><strong>\u12e8\u12a0\u1263\u120d\u1290\u1275 \u1218\u1218\u12dd\u1308\u1262\u12eb \u1245\u133d<\/strong><\/a>\u00a0\u12ed\u1219\u1209 \u12a5\u1293<\/p><ul><li>\u1208\u1338\u1210\u134a\u12cd \u1260\u12a0\u12ab\u120d \u12ed\u1235\u1321<\/li><li>\u1260 info@darmstadt-michael.org \u12a2\u121c\u120d \u12ed\u120b\u12a9\u1208\u1295\u00a0<\/li><li>\u1260 \u1356\u1235\u1273\u00a0<span style=\"font-size: 16px; font-weight: bold; text-align: center;\">Schwarzer Weg 14B, 64287 Darmstadt<\/span>\u12ed\u120b\u12a9\u120d\u1295 \u12c8\u12ed\u1295\u121d<\/li><li>\u12a8\u1273\u127d \u12eb\u1208\u12cd\u1295 \u12a6\u1295\u120b\u12ed\u1295 \u134e\u122d\u121d \u12ed\u1219\u1209\u1362<\/li><\/ul>\t\t\t\t\t\t\t\t<\/div>\n\t\t\t\t<\/div>\n\t\t\t\t\t<\/div>\n\t\t\t\t<\/div>\n\t\t<div class=\"elementor-element elementor-element-7160006 e-flex e-con-boxed e-con e-parent\" data-id=\"7160006\" data-element_type=\"container\" data-e-type=\"container\">\n\t\t\t\t\t<div class=\"e-con-inner\">\n\t\t\t\t<div class=\"elementor-element elementor-element-741bc50 elementor-widget elementor-widget-spacer\" data-id=\"741bc50\" data-element_type=\"widget\" data-e-type=\"widget\" data-widget_type=\"spacer.default\">\n\t\t\t\t<div class=\"elementor-widget-container\">\n\t\t\t\t\t\t\t<div class=\"elementor-spacer\">\n\t\t\t<div class=\"elementor-spacer-inner\"><\/div>\n\t\t<\/div>\n\t\t\t\t\t\t<\/div>\n\t\t\t\t<\/div>\n\t\t\t\t\t<\/div>\n\t\t\t\t<\/div>\n\t\t<div class=\"elementor-element elementor-element-05e4cff e-flex e-con-boxed e-con e-parent\" data-id=\"05e4cff\" data-element_type=\"container\" data-e-type=\"container\">\n\t\t\t\t\t<div class=\"e-con-inner\">\n\t\t\t\t<div class=\"elementor-element elementor-element-3dbefcf elementor-widget elementor-widget-html\" data-id=\"3dbefcf\" data-element_type=\"widget\" data-e-type=\"widget\" data-widget_type=\"html.default\">\n\t\t\t\t<div class=\"elementor-widget-container\">\n\t\t\t\t\t<iframe src=\"https:\/\/docs.google.com\/forms\/d\/e\/1FAIpQLSfN2chWycrMytXIxRb6ZD4FJGd5TB6z2wWC3vvcGoCAUFsttw\/viewform?embedded=true\" width=\"640\" height=\"778\" frameborder=\"0\" marginheight=\"0\" marginwidth=\"0\">Loading\u2026<\/iframe>\t\t\t\t<\/div>\n\t\t\t\t<\/div>\n\t\t\t\t\t<\/div>\n\t\t\t\t<\/div>\n\t\t\t\t<\/div>","protected":false},"excerpt":{"rendered":"<p>Denn wo zwei oder drei versammelt sind in meinem Namen, da bin ich mitten unter ihnen. Matth\u00e4us 18:20 Mitgliedsantrag Um Mitglied unserer Gemeinde werden zu k\u00f6nnen, diesen\u00a0\u00a0Mitgliedsformular\u00a0ausf\u00fcllen und Pers\u00f6nlich beim Schriftf\u00fchrer abgeben Per E-Mail an info@darmstadt-michael.org schicken\u00a0 Per Post (\u00a0Schwarzer Weg 14B, 64287 Darmstadt) versenden oder F\u00fcllen Sie das nachstehende Online-Formular aus Loading\u2026<\/p>","protected":false},"author":1,"featured_media":7,"parent":0,"menu_order":0,"comment_status":"closed","ping_status":"closed","template":"","meta":{"footnotes":""},"class_list":["post-1352","page","type-page","status-publish","has-post-thumbnail","hentry"],"blocksy_meta":{"styles_descriptor":{"styles":{"desktop":"","tablet":"","mobile":""},"google_fonts":[],"version":6}},"yoast_head":"<!-- This site is optimized with the Yoast SEO plugin v27.3 - https:\/\/yoast.com\/product\/yoast-seo-wordpress\/ -->\n<title>Mitgliedschaft - Darmstadt Michael<\/title>\n<meta name=\"robots\" content=\"index, follow, max-snippet:-1, max-image-preview:large, max-video-preview:-1\" \/>\n<link rel=\"canonical\" href=\"https:\/\/darmstadt-michael.org\/am\/mitgliedschaft\/\" \/>\n<meta property=\"og:locale\" content=\"en_US\" \/>\n<meta property=\"og:type\" content=\"article\" \/>\n<meta property=\"og:title\" content=\"Mitgliedschaft - Darmstadt Michael\" \/>\n<meta property=\"og:description\" content=\"Denn wo zwei oder drei versammelt sind in meinem Namen, da bin ich mitten unter ihnen. Matth\u00e4us 18:20 Mitgliedsantrag Um Mitglied unserer Gemeinde werden zu k\u00f6nnen, diesen\u00a0\u00a0Mitgliedsformular\u00a0ausf\u00fcllen und Pers\u00f6nlich beim Schriftf\u00fchrer abgeben Per E-Mail an info@darmstadt-michael.org schicken\u00a0 Per Post (\u00a0Schwarzer Weg 14B, 64287 Darmstadt) versenden oder F\u00fcllen Sie das nachstehende Online-Formular aus Loading\u2026\" \/>\n<meta property=\"og:url\" content=\"https:\/\/darmstadt-michael.org\/am\/mitgliedschaft\/\" \/>\n<meta property=\"og:site_name\" content=\"Darmstadt Michael\" \/>\n<meta property=\"article:modified_time\" content=\"2025-08-10T19:52:18+00:00\" \/>\n<meta property=\"og:image\" content=\"https:\/\/darmstadt-michael.org\/wp-content\/uploads\/2025\/05\/Screenshot-2025-05-11-at-19.24.03.png\" \/>\n\t<meta property=\"og:image:width\" content=\"816\" \/>\n\t<meta property=\"og:image:height\" content=\"556\" \/>\n\t<meta property=\"og:image:type\" content=\"image\/png\" \/>\n<meta name=\"twitter:card\" content=\"summary_large_image\" \/>\n<meta name=\"twitter:label1\" content=\"Est. reading time\" \/>\n\t<meta name=\"twitter:data1\" content=\"1 \u12f0\u1242\u1243\" \/>\n<script type=\"application\/ld+json\" class=\"yoast-schema-graph\">{\"@context\":\"https:\\\/\\\/schema.org\",\"@graph\":[{\"@type\":\"WebPage\",\"@id\":\"https:\\\/\\\/darmstadt-michael.org\\\/mitgliedschaft\\\/\",\"url\":\"https:\\\/\\\/darmstadt-michael.org\\\/mitgliedschaft\\\/\",\"name\":\"Mitgliedschaft - Darmstadt Michael\",\"isPartOf\":{\"@id\":\"https:\\\/\\\/darmstadt-michael.org\\\/am\\\/#website\"},\"primaryImageOfPage\":{\"@id\":\"https:\\\/\\\/darmstadt-michael.org\\\/mitgliedschaft\\\/#primaryimage\"},\"image\":{\"@id\":\"https:\\\/\\\/darmstadt-michael.org\\\/mitgliedschaft\\\/#primaryimage\"},\"thumbnailUrl\":\"https:\\\/\\\/darmstadt-michael.org\\\/wp-content\\\/uploads\\\/2025\\\/05\\\/Screenshot-2025-05-11-at-19.24.03.png\",\"datePublished\":\"2025-06-12T15:51:47+00:00\",\"dateModified\":\"2025-08-10T19:52:18+00:00\",\"breadcrumb\":{\"@id\":\"https:\\\/\\\/darmstadt-michael.org\\\/mitgliedschaft\\\/#breadcrumb\"},\"inLanguage\":\"am\",\"potentialAction\":[{\"@type\":\"ReadAction\",\"target\":[\"https:\\\/\\\/darmstadt-michael.org\\\/mitgliedschaft\\\/\"]}]},{\"@type\":\"ImageObject\",\"inLanguage\":\"am\",\"@id\":\"https:\\\/\\\/darmstadt-michael.org\\\/mitgliedschaft\\\/#primaryimage\",\"url\":\"https:\\\/\\\/darmstadt-michael.org\\\/wp-content\\\/uploads\\\/2025\\\/05\\\/Screenshot-2025-05-11-at-19.24.03.png\",\"contentUrl\":\"https:\\\/\\\/darmstadt-michael.org\\\/wp-content\\\/uploads\\\/2025\\\/05\\\/Screenshot-2025-05-11-at-19.24.03.png\",\"width\":816,\"height\":556},{\"@type\":\"BreadcrumbList\",\"@id\":\"https:\\\/\\\/darmstadt-michael.org\\\/mitgliedschaft\\\/#breadcrumb\",\"itemListElement\":[{\"@type\":\"ListItem\",\"position\":1,\"name\":\"Home\",\"item\":\"https:\\\/\\\/darmstadt-michael.org\\\/\"},{\"@type\":\"ListItem\",\"position\":2,\"name\":\"Mitgliedschaft\"}]},{\"@type\":\"WebSite\",\"@id\":\"https:\\\/\\\/darmstadt-michael.org\\\/am\\\/#website\",\"url\":\"https:\\\/\\\/darmstadt-michael.org\\\/am\\\/\",\"name\":\"Darmstadt Michael\",\"description\":\"\u00c4thiopisch-Orthodoxe Kirche Darmstadt St. Michael\",\"publisher\":{\"@id\":\"https:\\\/\\\/darmstadt-michael.org\\\/am\\\/#organization\"},\"potentialAction\":[{\"@type\":\"SearchAction\",\"target\":{\"@type\":\"EntryPoint\",\"urlTemplate\":\"https:\\\/\\\/darmstadt-michael.org\\\/am\\\/?s={search_term_string}\"},\"query-input\":{\"@type\":\"PropertyValueSpecification\",\"valueRequired\":true,\"valueName\":\"search_term_string\"}}],\"inLanguage\":\"am\"},{\"@type\":\"Organization\",\"@id\":\"https:\\\/\\\/darmstadt-michael.org\\\/am\\\/#organization\",\"name\":\"Darmstadt Michael\",\"url\":\"https:\\\/\\\/darmstadt-michael.org\\\/am\\\/\",\"logo\":{\"@type\":\"ImageObject\",\"inLanguage\":\"am\",\"@id\":\"https:\\\/\\\/darmstadt-michael.org\\\/am\\\/#\\\/schema\\\/logo\\\/image\\\/\",\"url\":\"https:\\\/\\\/darmstadt-michael.org\\\/wp-content\\\/uploads\\\/2025\\\/05\\\/EOTC-Logo.png\",\"contentUrl\":\"https:\\\/\\\/darmstadt-michael.org\\\/wp-content\\\/uploads\\\/2025\\\/05\\\/EOTC-Logo.png\",\"width\":211,\"height\":239,\"caption\":\"Darmstadt Michael\"},\"image\":{\"@id\":\"https:\\\/\\\/darmstadt-michael.org\\\/am\\\/#\\\/schema\\\/logo\\\/image\\\/\"}}]}<\/script>\n<!-- \/ Yoast SEO plugin. -->","yoast_head_json":{"title":"Mitgliedschaft - Darmstadt Michael","robots":{"index":"index","follow":"follow","max-snippet":"max-snippet:-1","max-image-preview":"max-image-preview:large","max-video-preview":"max-video-preview:-1"},"canonical":"https:\/\/darmstadt-michael.org\/am\/mitgliedschaft\/","og_locale":"en_US","og_type":"article","og_title":"Mitgliedschaft - Darmstadt Michael","og_description":"Denn wo zwei oder drei versammelt sind in meinem Namen, da bin ich mitten unter ihnen. Matth\u00e4us 18:20 Mitgliedsantrag Um Mitglied unserer Gemeinde werden zu k\u00f6nnen, diesen\u00a0\u00a0Mitgliedsformular\u00a0ausf\u00fcllen und Pers\u00f6nlich beim Schriftf\u00fchrer abgeben Per E-Mail an info@darmstadt-michael.org schicken\u00a0 Per Post (\u00a0Schwarzer Weg 14B, 64287 Darmstadt) versenden oder F\u00fcllen Sie das nachstehende Online-Formular aus Loading\u2026","og_url":"https:\/\/darmstadt-michael.org\/am\/mitgliedschaft\/","og_site_name":"Darmstadt Michael","article_modified_time":"2025-08-10T19:52:18+00:00","og_image":[{"width":816,"height":556,"url":"https:\/\/darmstadt-michael.org\/wp-content\/uploads\/2025\/05\/Screenshot-2025-05-11-at-19.24.03.png","type":"image\/png"}],"twitter_card":"summary_large_image","twitter_misc":{"Est. reading time":"1 \u12f0\u1242\u1243"},"schema":{"@context":"https:\/\/schema.org","@graph":[{"@type":"WebPage","@id":"https:\/\/darmstadt-michael.org\/mitgliedschaft\/","url":"https:\/\/darmstadt-michael.org\/mitgliedschaft\/","name":"Mitgliedschaft - Darmstadt Michael","isPartOf":{"@id":"https:\/\/darmstadt-michael.org\/am\/#website"},"primaryImageOfPage":{"@id":"https:\/\/darmstadt-michael.org\/mitgliedschaft\/#primaryimage"},"image":{"@id":"https:\/\/darmstadt-michael.org\/mitgliedschaft\/#primaryimage"},"thumbnailUrl":"https:\/\/darmstadt-michael.org\/wp-content\/uploads\/2025\/05\/Screenshot-2025-05-11-at-19.24.03.png","datePublished":"2025-06-12T15:51:47+00:00","dateModified":"2025-08-10T19:52:18+00:00","breadcrumb":{"@id":"https:\/\/darmstadt-michael.org\/mitgliedschaft\/#breadcrumb"},"inLanguage":"am","potentialAction":[{"@type":"ReadAction","target":["https:\/\/darmstadt-michael.org\/mitgliedschaft\/"]}]},{"@type":"ImageObject","inLanguage":"am","@id":"https:\/\/darmstadt-michael.org\/mitgliedschaft\/#primaryimage","url":"https:\/\/darmstadt-michael.org\/wp-content\/uploads\/2025\/05\/Screenshot-2025-05-11-at-19.24.03.png","contentUrl":"https:\/\/darmstadt-michael.org\/wp-content\/uploads\/2025\/05\/Screenshot-2025-05-11-at-19.24.03.png","width":816,"height":556},{"@type":"BreadcrumbList","@id":"https:\/\/darmstadt-michael.org\/mitgliedschaft\/#breadcrumb","itemListElement":[{"@type":"ListItem","position":1,"name":"Home","item":"https:\/\/darmstadt-michael.org\/"},{"@type":"ListItem","position":2,"name":"Mitgliedschaft"}]},{"@type":"WebSite","@id":"https:\/\/darmstadt-michael.org\/am\/#website","url":"https:\/\/darmstadt-michael.org\/am\/","name":"Darmstadt Michael","description":"\u12e8\u12a2\u1275\u12ee\u1335\u12eb \u12a6\u122d\u1276\u12f6\u12ad\u1235 \u1270\u12cb\u1215\u12f6 \u1260\u1300\u122d\u1218\u1295 \u12e8\u12f3\u122d\u121d\u123d\u1273\u1275 \u12f0\u1265\u1228 \u121d\u1205\u1228\u1275 \u1245\u12f1\u1235 \u121a\u12ab\u12a4\u120d \u1264\u1270\u12ad\u122d\u1235\u1272\u12eb\u1295","publisher":{"@id":"https:\/\/darmstadt-michael.org\/am\/#organization"},"potentialAction":[{"@type":"SearchAction","target":{"@type":"EntryPoint","urlTemplate":"https:\/\/darmstadt-michael.org\/am\/?s={search_term_string}"},"query-input":{"@type":"PropertyValueSpecification","valueRequired":true,"valueName":"search_term_string"}}],"inLanguage":"am"},{"@type":"Organization","@id":"https:\/\/darmstadt-michael.org\/am\/#organization","name":"Darmstadt Michael","url":"https:\/\/darmstadt-michael.org\/am\/","logo":{"@type":"ImageObject","inLanguage":"am","@id":"https:\/\/darmstadt-michael.org\/am\/#\/schema\/logo\/image\/","url":"https:\/\/darmstadt-michael.org\/wp-content\/uploads\/2025\/05\/EOTC-Logo.png","contentUrl":"https:\/\/darmstadt-michael.org\/wp-content\/uploads\/2025\/05\/EOTC-Logo.png","width":211,"height":239,"caption":"Darmstadt Michael"},"image":{"@id":"https:\/\/darmstadt-michael.org\/am\/#\/schema\/logo\/image\/"}}]}},"_links":{"self":[{"href":"https:\/\/darmstadt-michael.org\/am\/wp-json\/wp\/v2\/pages\/1352","targetHints":{"allow":["GET"]}}],"collection":[{"href":"https:\/\/darmstadt-michael.org\/am\/wp-json\/wp\/v2\/pages"}],"about":[{"href":"https:\/\/darmstadt-michael.org\/am\/wp-json\/wp\/v2\/types\/page"}],"author":[{"embeddable":true,"href":"https:\/\/darmstadt-michael.org\/am\/wp-json\/wp\/v2\/users\/1"}],"replies":[{"embeddable":true,"href":"https:\/\/darmstadt-michael.org\/am\/wp-json\/wp\/v2\/comments?post=1352"}],"version-history":[{"count":13,"href":"https:\/\/darmstadt-michael.org\/am\/wp-json\/wp\/v2\/pages\/1352\/revisions"}],"predecessor-version":[{"id":1620,"href":"https:\/\/darmstadt-michael.org\/am\/wp-json\/wp\/v2\/pages\/1352\/revisions\/1620"}],"wp:featuredmedia":[{"embeddable":true,"href":"https:\/\/darmstadt-michael.org\/am\/wp-json\/wp\/v2\/media\/7"}],"wp:attachment":[{"href":"https:\/\/darmstadt-michael.org\/am\/wp-json\/wp\/v2\/media?parent=1352"}],"curies":[{"name":"wp","href":"https:\/\/api.w.org\/{rel}","templated":true}]}}